{"id":11974,"date":"2025-03-16T20:07:51","date_gmt":"2025-03-16T20:07:51","guid":{"rendered":"https:\/\/camisetaemoldurada.com.br\/loja\/?post_type=product&#038;p=11974"},"modified":"2025-03-17T12:55:52","modified_gmt":"2025-03-17T12:55:52","slug":"sao-paulo-de-2011","status":"publish","type":"product","link":"https:\/\/camisetaemoldurada.com.br\/loja\/produto\/sao-paulo-de-2011\/","title":{"rendered":"S\u00e3o Paulo de 2011"},"content":{"rendered":"<p>Arte do cent\u00e9simo gol do Rog\u00e9rio Ceni, gol de falta contra seu rival Corinthians em 2011 &#8211; Quadro com moldura estilo canaleta (efeito flutuante) sem vidro, moldura com perfil de 4cm de profundidade, fabricada com madeira de reflorestamento com revestimento em laca, impress\u00e3o em tecido canvas 100% algod\u00e3o.<\/p>\n","protected":false},"excerpt":{"rendered":"<p>Arte do cent\u00e9simo gol do Rog\u00e9rio Ceni, gol de falta contra seu rival Corinthians em 2011 &#8211; Quadro com moldura estilo canaleta (efeito flutuante) sem vidro, moldura com perfil de 4cm de profundidade, fabricada com madeira de reflorestamento com revestimento em laca, impress\u00e3o em tecido canvas 100% algod\u00e3o.<\/p>\n","protected":false},"featured_media":11788,"comment_status":"open","ping_status":"closed","template":"","meta":[],"product_brand":[],"product_cat":[74],"product_tag":[],"class_list":{"0":"post-11974","1":"product","2":"type-product","3":"status-publish","4":"has-post-thumbnail","6":"product_cat-quadros-personalizados","7":"product_shipping_class-metodo-loja","9":"first","10":"instock","11":"shipping-taxable","12":"purchasable","13":"product-type-variable"},"_links":{"self":[{"href":"https:\/\/camisetaemoldurada.com.br\/loja\/wp-json\/wp\/v2\/product\/11974","targetHints":{"allow":["GET"]}}],"collection":[{"href":"https:\/\/camisetaemoldurada.com.br\/loja\/wp-json\/wp\/v2\/product"}],"about":[{"href":"https:\/\/camisetaemoldurada.com.br\/loja\/wp-json\/wp\/v2\/types\/product"}],"replies":[{"embeddable":true,"href":"https:\/\/camisetaemoldurada.com.br\/loja\/wp-json\/wp\/v2\/comments?post=11974"}],"version-history":[{"count":1,"href":"https:\/\/camisetaemoldurada.com.br\/loja\/wp-json\/wp\/v2\/product\/11974\/revisions"}],"predecessor-version":[{"id":11984,"href":"https:\/\/camisetaemoldurada.com.br\/loja\/wp-json\/wp\/v2\/product\/11974\/revisions\/11984"}],"wp:featuredmedia":[{"embeddable":true,"href":"https:\/\/camisetaemoldurada.com.br\/loja\/wp-json\/wp\/v2\/media\/11788"}],"wp:attachment":[{"href":"https:\/\/camisetaemoldurada.com.br\/loja\/wp-json\/wp\/v2\/media?parent=11974"}],"wp:term":[{"taxonomy":"product_brand","embeddable":true,"href":"https:\/\/camisetaemoldurada.com.br\/loja\/wp-json\/wp\/v2\/product_brand?post=11974"},{"taxonomy":"product_cat","embeddable":true,"href":"https:\/\/camisetaemoldurada.com.br\/loja\/wp-json\/wp\/v2\/product_cat?post=11974"},{"taxonomy":"product_tag","embeddable":true,"href":"https:\/\/camisetaemoldurada.com.br\/loja\/wp-json\/wp\/v2\/product_tag?post=11974"}],"curies":[{"name":"wp","href":"https:\/\/api.w.org\/{rel}","templated":true}]}}