{"id":11826,"date":"2025-03-16T18:15:49","date_gmt":"2025-03-16T18:15:49","guid":{"rendered":"https:\/\/camisetaemoldurada.com.br\/loja\/?post_type=product&#038;p=11826"},"modified":"2025-03-16T21:17:31","modified_gmt":"2025-03-16T21:17:31","slug":"corinthians-de-1976","status":"publish","type":"product","link":"https:\/\/camisetaemoldurada.com.br\/loja\/produto\/corinthians-de-1976\/","title":{"rendered":"Corinthians de 1976"},"content":{"rendered":"<p>Arte da invas\u00e3o corinthiana ao Marcan\u00e3 no Brasileir\u00e3o de 1976 &#8211; Quadro com moldura estilo canaleta (efeito flutuante) sem vidro, moldura com perfil de 4cm de profundidade, fabricada com madeira de reflorestamento com revestimento em laca, impress\u00e3o em tecido canvas 100% algod\u00e3o.<\/p>\n","protected":false},"excerpt":{"rendered":"<p>Arte da Invas\u00e3o corinthiana ao Marcan\u00e3 no Brasileir\u00e3o de 1976 &#8211; Quadro com moldura estilo canaleta (efeito flutuante) sem vidro, moldura com perfil de 4cm de profundidade, fabricada com madeira de reflorestamento com revestimento em laca, impress\u00e3o em tecido canvas 100% algod\u00e3o.<\/p>\n","protected":false},"featured_media":11773,"comment_status":"open","ping_status":"closed","template":"","meta":[],"product_brand":[],"product_cat":[74],"product_tag":[],"class_list":{"0":"post-11826","1":"product","2":"type-product","3":"status-publish","4":"has-post-thumbnail","6":"product_cat-quadros-personalizados","7":"product_shipping_class-metodo-loja","9":"first","10":"instock","11":"shipping-taxable","12":"purchasable","13":"product-type-variable"},"_links":{"self":[{"href":"https:\/\/camisetaemoldurada.com.br\/loja\/wp-json\/wp\/v2\/product\/11826","targetHints":{"allow":["GET"]}}],"collection":[{"href":"https:\/\/camisetaemoldurada.com.br\/loja\/wp-json\/wp\/v2\/product"}],"about":[{"href":"https:\/\/camisetaemoldurada.com.br\/loja\/wp-json\/wp\/v2\/types\/product"}],"replies":[{"embeddable":true,"href":"https:\/\/camisetaemoldurada.com.br\/loja\/wp-json\/wp\/v2\/comments?post=11826"}],"version-history":[{"count":1,"href":"https:\/\/camisetaemoldurada.com.br\/loja\/wp-json\/wp\/v2\/product\/11826\/revisions"}],"predecessor-version":[{"id":11836,"href":"https:\/\/camisetaemoldurada.com.br\/loja\/wp-json\/wp\/v2\/product\/11826\/revisions\/11836"}],"wp:featuredmedia":[{"embeddable":true,"href":"https:\/\/camisetaemoldurada.com.br\/loja\/wp-json\/wp\/v2\/media\/11773"}],"wp:attachment":[{"href":"https:\/\/camisetaemoldurada.com.br\/loja\/wp-json\/wp\/v2\/media?parent=11826"}],"wp:term":[{"taxonomy":"product_brand","embeddable":true,"href":"https:\/\/camisetaemoldurada.com.br\/loja\/wp-json\/wp\/v2\/product_brand?post=11826"},{"taxonomy":"product_cat","embeddable":true,"href":"https:\/\/camisetaemoldurada.com.br\/loja\/wp-json\/wp\/v2\/product_cat?post=11826"},{"taxonomy":"product_tag","embeddable":true,"href":"https:\/\/camisetaemoldurada.com.br\/loja\/wp-json\/wp\/v2\/product_tag?post=11826"}],"curies":[{"name":"wp","href":"https:\/\/api.w.org\/{rel}","templated":true}]}}