{"id":52,"date":"2022-12-01T12:05:13","date_gmt":"2022-12-01T12:05:13","guid":{"rendered":"http:\/\/dummy.xtemos.com\/woodmart2\/mega-electronics-elementor\/?page_id=52"},"modified":"2025-01-22T18:27:41","modified_gmt":"2025-01-22T18:27:41","slug":"meios-de-pagamento-e-de-frete","status":"publish","type":"page","link":"https:\/\/camisetaemoldurada.com.br\/loja\/meios-de-pagamento-e-de-frete\/","title":{"rendered":"Meios de pagamento e de frete"},"content":{"rendered":"\t\t<div data-elementor-type=\"wp-page\" data-elementor-id=\"52\" class=\"elementor elementor-52\" data-elementor-post-type=\"page\">\n\t\t\t\t<div class=\"wd-negative-gap elementor-element elementor-element-b769d41 e-flex e-con-boxed e-con e-parent\" data-id=\"b769d41\" data-element_type=\"container\" data-e-type=\"container\">\n\t\t\t\t\t<div class=\"e-con-inner\">\n\t\t<div class=\"elementor-element elementor-element-e439139 e-con-full e-flex e-con e-child\" data-id=\"e439139\" data-element_type=\"container\" data-e-type=\"container\">\n\t\t<div class=\"elementor-element elementor-element-3a466ed e-con-full e-flex e-con e-child\" data-id=\"3a466ed\" data-element_type=\"container\" data-e-type=\"container\" data-settings=\"{&quot;background_background&quot;:&quot;classic&quot;}\">\n\t\t\t\t<div class=\"elementor-element elementor-element-0aa7f79 elementor-widget elementor-widget-heading\" data-id=\"0aa7f79\" data-element_type=\"widget\" data-e-type=\"widget\" data-widget_type=\"heading.default\">\n\t\t\t\t<div class=\"elementor-widget-container\">\n\t\t\t\t\t<h2 class=\"elementor-heading-title elementor-size-default\">Meios de pagamento e de frete<\/h2>\t\t\t\t<\/div>\n\t\t\t\t<\/div>\n\t\t\t\t<div class=\"elementor-element elementor-element-4e91ecd elementor-widget__width-initial elementor-view-default elementor-widget elementor-widget-icon\" data-id=\"4e91ecd\" data-element_type=\"widget\" data-e-type=\"widget\" data-widget_type=\"icon.default\">\n\t\t\t\t<div class=\"elementor-widget-container\">\n\t\t\t\t\t\t\t<div class=\"elementor-icon-wrapper\">\n\t\t\t<div class=\"elementor-icon elementor-animation-wobble-horizontal\">\n\t\t\t<svg aria-hidden=\"true\" class=\"e-font-icon-svg e-fas-shipping-fast\" viewBox=\"0 0 640 512\" xmlns=\"http:\/\/www.w3.org\/2000\/svg\"><path d=\"M624 352h-16V243.9c0-12.7-5.1-24.9-14.1-33.9L494 110.1c-9-9-21.2-14.1-33.9-14.1H416V48c0-26.5-21.5-48-48-48H112C85.5 0 64 21.5 64 48v48H8c-4.4 0-8 3.6-8 8v16c0 4.4 3.6 8 8 8h272c4.4 0 8 3.6 8 8v16c0 4.4-3.6 8-8 8H40c-4.4 0-8 3.6-8 8v16c0 4.4 3.6 8 8 8h208c4.4 0 8 3.6 8 8v16c0 4.4-3.6 8-8 8H8c-4.4 0-8 3.6-8 8v16c0 4.4 3.6 8 8 8h208c4.4 0 8 3.6 8 8v16c0 4.4-3.6 8-8 8H64v128c0 53 43 96 96 96s96-43 96-96h128c0 53 43 96 96 96s96-43 96-96h48c8.8 0 16-7.2 16-16v-32c0-8.8-7.2-16-16-16zM160 464c-26.5 0-48-21.5-48-48s21.5-48 48-48 48 21.5 48 48-21.5 48-48 48zm320 0c-26.5 0-48-21.5-48-48s21.5-48 48-48 48 21.5 48 48-21.5 48-48 48zm80-208H416V144h44.1l99.9 99.9V256z\"><\/path><\/svg>\t\t\t<\/div>\n\t\t<\/div>\n\t\t\t\t\t\t<\/div>\n\t\t\t\t<\/div>\n\t\t\t\t<\/div>\n\t\t<div class=\"elementor-element elementor-element-e26d7b9 e-con-full e-flex e-con e-child\" data-id=\"e26d7b9\" data-element_type=\"container\" data-e-type=\"container\" data-settings=\"{&quot;background_background&quot;:&quot;classic&quot;}\">\n\t\t\t\t<div class=\"elementor-element elementor-element-3bdedf6 wd-width-100 elementor-widget elementor-widget-wd_title\" data-id=\"3bdedf6\" data-element_type=\"widget\" data-e-type=\"widget\" data-widget_type=\"wd_title.default\">\n\t\t\t\t<div class=\"elementor-widget-container\">\n\t\t\t\t\t\t\t<div class=\"title-wrapper wd-set-mb reset-last-child wd-title-color-default wd-title-style-default wd-title-size-default text-left\">\n\n\t\t\t\n\t\t\t<div class=\"liner-continer\">\n\t\t\t\t<h4 class=\"woodmart-title-container title wd-fontsize-l\">Pol\u00edtica de Frete<\/h4> \n\t\t\t\t\t\t\t<\/div>\n\n\t\t\t\t\t<\/div>\n\t\t\t\t\t\t<\/div>\n\t\t\t\t<\/div>\n\t\t\t\t<div class=\"elementor-element elementor-element-bfd87fd elementor-widget elementor-widget-wd_text_block\" data-id=\"bfd87fd\" data-element_type=\"widget\" data-e-type=\"widget\" data-widget_type=\"wd_text_block.default\">\n\t\t\t\t<div class=\"elementor-widget-container\">\n\t\t\t\t\t\t\t<div class=\"wd-text-block reset-last-child text-left\">\n\t\t\t\n\t\t\t<p>Os pedidos realizados em nosso site s\u00e3o enviados atrav\u00e9s de parceiros de log\u00edstica reconhecidos no mercado para todas as regi\u00f5es do Brasil, at\u00e9 2 dias \u00fateis ap\u00f3s o recebimento da confirma\u00e7\u00e3o do pagamento dado pela institui\u00e7\u00e3o respons\u00e1vel pela cobran\u00e7a.<\/p><p>Para consultar o valor e prazo do frete, escolha quais itens deseja comprar e clique em \u201cAdicionar ao Carrinho\u201d. Em seguida, informe seu CEP, o custo e o prazo ser\u00e3o calculados automaticamente.<\/p><p><strong>Aten\u00e7\u00e3o:<\/strong><\/p><ul><li><h6>O prazo de entrega come\u00e7a a contar ap\u00f3s a aprova\u00e7\u00e3o do pagamento. Assim que seu pagamento for aprovado voc\u00ea ser\u00e1 notificado por e-mail;<\/h6><h6>Todos os pedidos est\u00e3o sujeitos \u00e0 an\u00e1lise e aprova\u00e7\u00e3o de dados cadastrais, o que pode demandar um tempinho maior na confirma\u00e7\u00e3o do pagamento;<\/h6><\/li><\/ul>\n\t\t\t\t\t<\/div>\n\t\t\t\t\t\t<\/div>\n\t\t\t\t<\/div>\n\t\t\t\t<\/div>\n\t\t<div class=\"elementor-element elementor-element-b4cc9c5 e-con-full e-flex e-con e-child\" data-id=\"b4cc9c5\" data-element_type=\"container\" data-e-type=\"container\" data-settings=\"{&quot;background_background&quot;:&quot;classic&quot;}\">\n\t\t\t\t<div class=\"elementor-element elementor-element-59ff531 wd-width-100 elementor-widget elementor-widget-wd_title\" data-id=\"59ff531\" data-element_type=\"widget\" data-e-type=\"widget\" data-widget_type=\"wd_title.default\">\n\t\t\t\t<div class=\"elementor-widget-container\">\n\t\t\t\t\t\t\t<div class=\"title-wrapper wd-set-mb reset-last-child wd-title-color-default wd-title-style-default wd-title-size-default text-left\">\n\n\t\t\t\n\t\t\t<div class=\"liner-continer\">\n\t\t\t\t<h4 class=\"woodmart-title-container title wd-fontsize-l\">Pol\u00edtica de Pagamento<\/h4> \n\t\t\t\t\t\t\t<\/div>\n\n\t\t\t\t\t<\/div>\n\t\t\t\t\t\t<\/div>\n\t\t\t\t<\/div>\n\t\t\t\t<div class=\"elementor-element elementor-element-34d6a41 elementor-widget elementor-widget-wd_text_block\" data-id=\"34d6a41\" data-element_type=\"widget\" data-e-type=\"widget\" data-widget_type=\"wd_text_block.default\">\n\t\t\t\t<div class=\"elementor-widget-container\">\n\t\t\t\t\t\t\t<div class=\"wd-text-block reset-last-child text-left\">\n\t\t\t\n\t\t\t<p>O prazo de entrega indicado no pedido come\u00e7a a contar a partir da data de identifica\u00e7\u00e3o do pagamento, que varia de acordo com a forma de pagamento:<\/p><ul><li>Cart\u00e3o de Cr\u00e9dito entre quatro (4) e setenta e duas (72) horas \u00fateis<\/li><li>Pix em at\u00e9 uma hora<\/li><li>Boleto Banc\u00e1rio: ap\u00f3s a compensa\u00e7\u00e3o que pode ocorrer em at\u00e9 2 dias \u00fateis<\/li><\/ul><p>Deste modo, caso tenha urg\u00eancia no recebimento da entrega, sugerimos efetuar o pagamento via Cart\u00e3o de Cr\u00e9dito ou Pix.<\/p><p>As entregas ocorrem de segunda \u00e0 sexta-feira das 8h \u00e0s 18h. Em algumas faixas de CEP de algumas cidades, pode haver entregas aos s\u00e1bados em hor\u00e1rio comercial. Caso voc\u00ea esteja ausente ou havendo necessidade de confirmar endere\u00e7o e\/ou nome do destinat\u00e1rio, ou mesmo na hip\u00f3tese da caixa ficar retida para an\u00e1lise e valida\u00e7\u00e3o dos \u00f3rg\u00e3os competentes, o prazo de entrega \u00e9 pausado.<\/p>\n\t\t\t\t\t<\/div>\n\t\t\t\t\t\t<\/div>\n\t\t\t\t<\/div>\n\t\t\t\t<\/div>\n\t\t\t\t<\/div>\n\t\t<div class=\"elementor-element elementor-element-a1c0eeb e-con-full  wd-sticky-container-yes wd-sticky-offset-150 elementor-hidden-tablet elementor-hidden-mobile e-flex e-con e-child\" data-id=\"a1c0eeb\" data-element_type=\"container\" data-e-type=\"container\">\n\t\t<div class=\"elementor-element elementor-element-d633f79 e-con-full e-flex e-con e-child\" data-id=\"d633f79\" data-element_type=\"container\" data-e-type=\"container\" data-settings=\"{&quot;background_background&quot;:&quot;classic&quot;}\">\n\t\t\t\t<div class=\"elementor-element elementor-element-dc279f1 wd-width-100 elementor-widget elementor-widget-wd_title\" data-id=\"dc279f1\" data-element_type=\"widget\" data-e-type=\"widget\" data-widget_type=\"wd_title.default\">\n\t\t\t\t<div class=\"elementor-widget-container\">\n\t\t\t\t\t\t\t<div class=\"title-wrapper wd-set-mb reset-last-child wd-title-color-default wd-title-style-default wd-title-size-small text-left\">\n\n\t\t\t\n\t\t\t<div class=\"liner-continer\">\n\t\t\t\t<h4 class=\"woodmart-title-container title wd-fontsize-m\">Precisa de Ajuda<\/h4> \n\t\t\t\t\t\t\t<\/div>\n\n\t\t\t\t\t<\/div>\n\t\t\t\t\t\t<\/div>\n\t\t\t\t<\/div>\n\t\t\t\t<div class=\"elementor-element elementor-element-eb8a096 elementor-widget elementor-widget-wd_list\" data-id=\"eb8a096\" data-element_type=\"widget\" data-e-type=\"widget\" data-widget_type=\"wd_list.default\">\n\t\t\t\t<div class=\"elementor-widget-container\">\n\t\t\t\t\t\t\t<ul class=\"wd-list color-scheme-custom wd-fontsize-xs wd-type-icon wd-style-default text-left\">\n\t\t\t\t\t\t\t\t\t\t\t<li class=\"elementor-repeater-item-b7e03af\">\n\t\t\t\t\t\t\t\t\t\t\t<span class=\"wd-icon\"><img loading=\"lazy\" decoding=\"async\"  src=\"https:\/\/camisetaemoldurada.com.br\/loja\/wp-content\/uploads\/2023\/01\/phone.svg\" title=\"phone\" loading=\"lazy\" width=\"32\" height=\"32\"><\/span>\t\t\t\t\t\n\t\t\t\t\t<span class=\"wd-list-content list-content\">\n\t\t\t\t\t\t(11)  94220-9399\t\t\t\t\t<\/span>\n\n\t\t\t\t\t\n\t\t\t\t\t\t<a  href=\"#\" class=\"wd-fill\" aria-label=\"Listar link de itens\"><\/a>\n\t\t\t\t\t\t\t\t\t<\/li>\n\t\t\t\t\t\t\t\t\t\t\t<li class=\"elementor-repeater-item-291ad44\">\n\t\t\t\t\t\t\t\t\t\t\t<span class=\"wd-icon\"><img loading=\"lazy\" decoding=\"async\"  src=\"https:\/\/camisetaemoldurada.com.br\/loja\/wp-content\/uploads\/2023\/01\/messenger.svg\" title=\"messenger\" loading=\"lazy\" width=\"32\" height=\"32\"><\/span>\t\t\t\t\t\n\t\t\t\t\t<span class=\"wd-list-content list-content\">\n\t\t\t\t\t\tMessenger\t\t\t\t\t<\/span>\n\n\t\t\t\t\t\n\t\t\t\t\t\t<a  href=\"#\" class=\"wd-fill\" aria-label=\"Listar link de itens\"><\/a>\n\t\t\t\t\t\t\t\t\t<\/li>\n\t\t\t\t\t\t\t\t\t\t\t<li class=\"elementor-repeater-item-dc81d72\">\n\t\t\t\t\t\t\t\t\t\t\t<span class=\"wd-icon\"><img loading=\"lazy\" decoding=\"async\"  src=\"https:\/\/camisetaemoldurada.com.br\/loja\/wp-content\/uploads\/2023\/01\/telegram.svg\" title=\"telegram\" loading=\"lazy\" width=\"32\" height=\"32\"><\/span>\t\t\t\t\t\n\t\t\t\t\t<span class=\"wd-list-content list-content\">\n\t\t\t\t\t\tTelegram\t\t\t\t\t<\/span>\n\n\t\t\t\t\t\n\t\t\t\t\t\t<a  href=\"#\" class=\"wd-fill\" aria-label=\"Listar link de itens\"><\/a>\n\t\t\t\t\t\t\t\t\t<\/li>\n\t\t\t\t\t\t\t\t\t\t\t<li class=\"elementor-repeater-item-c05932f\">\n\t\t\t\t\t\t\t\t\t\t\t<span class=\"wd-icon\"><img loading=\"lazy\" decoding=\"async\"  src=\"https:\/\/camisetaemoldurada.com.br\/loja\/wp-content\/uploads\/2023\/01\/email.svg\" title=\"email\" loading=\"lazy\" width=\"32\" height=\"32\"><\/span>\t\t\t\t\t\n\t\t\t\t\t<span class=\"wd-list-content list-content\">\n\t\t\t\t\t\tEmail: contato@camisetaemoldurada.com.br\t\t\t\t\t<\/span>\n\n\t\t\t\t\t\n\t\t\t\t\t\t<a  href=\"#\" class=\"wd-fill\" aria-label=\"Listar link de itens\"><\/a>\n\t\t\t\t\t\t\t\t\t<\/li>\n\t\t\t\t\t<\/ul>\n\n\t\t\t\t\t\t<\/div>\n\t\t\t\t<\/div>\n\t\t\t\t<div class=\"elementor-element elementor-element-109dcae elementor-widget elementor-widget-image\" data-id=\"109dcae\" data-element_type=\"widget\" data-e-type=\"widget\" data-widget_type=\"image.default\">\n\t\t\t\t<div class=\"elementor-widget-container\">\n\t\t\t\t\t\t\t\t\t\t\t\t\t\t\t\t<a href=\"https:\/\/wa.me\/5511942209399?text=Ol%C3%A1,%20gostaria%20de%20mais%20informa%C3%A7%C3%B5es%20do%20produto.\">\n\t\t\t\t\t\t\t<img decoding=\"async\" width=\"300\" height=\"106\" src=\"https:\/\/camisetaemoldurada.com.br\/loja\/wp-content\/uploads\/2022\/08\/logo-transparente.png.png\" class=\"attachment-full size-full wp-image-2838\" alt=\"\" srcset=\"https:\/\/camisetaemoldurada.com.br\/loja\/wp-content\/uploads\/2022\/08\/logo-transparente.png.png 300w, https:\/\/camisetaemoldurada.com.br\/loja\/wp-content\/uploads\/2022\/08\/logo-transparente.png-150x53.png 150w\" sizes=\"(max-width: 300px) 100vw, 300px\" \/>\t\t\t\t\t\t\t\t<\/a>\n\t\t\t\t\t\t\t\t\t\t\t\t\t\t\t<\/div>\n\t\t\t\t<\/div>\n\t\t\t\t<\/div>\n\t\t\t\t<\/div>\n\t\t\t\t\t<\/div>\n\t\t\t\t<\/div>\n\t\t\t\t<\/div>\n\t\t","protected":false},"excerpt":{"rendered":"<p>Meios de pagamento e de frete Pol\u00edtica de Frete Os pedidos realizados em nosso site s\u00e3o enviados atrav\u00e9s de parceiros<\/p>\n","protected":false},"author":1,"featured_media":0,"parent":0,"menu_order":0,"comment_status":"closed","ping_status":"closed","template":"","meta":{"footnotes":""},"class_list":["post-52","page","type-page","status-publish","hentry"],"_links":{"self":[{"href":"https:\/\/camisetaemoldurada.com.br\/loja\/wp-json\/wp\/v2\/pages\/52","targetHints":{"allow":["GET"]}}],"collection":[{"href":"https:\/\/camisetaemoldurada.com.br\/loja\/wp-json\/wp\/v2\/pages"}],"about":[{"href":"https:\/\/camisetaemoldurada.com.br\/loja\/wp-json\/wp\/v2\/types\/page"}],"author":[{"embeddable":true,"href":"https:\/\/camisetaemoldurada.com.br\/loja\/wp-json\/wp\/v2\/users\/1"}],"replies":[{"embeddable":true,"href":"https:\/\/camisetaemoldurada.com.br\/loja\/wp-json\/wp\/v2\/comments?post=52"}],"version-history":[{"count":22,"href":"https:\/\/camisetaemoldurada.com.br\/loja\/wp-json\/wp\/v2\/pages\/52\/revisions"}],"predecessor-version":[{"id":11037,"href":"https:\/\/camisetaemoldurada.com.br\/loja\/wp-json\/wp\/v2\/pages\/52\/revisions\/11037"}],"wp:attachment":[{"href":"https:\/\/camisetaemoldurada.com.br\/loja\/wp-json\/wp\/v2\/media?parent=52"}],"curies":[{"name":"wp","href":"https:\/\/api.w.org\/{rel}","templated":true}]}}